{"id":199,"date":"2020-08-13T12:13:02","date_gmt":"2020-08-13T12:13:02","guid":{"rendered":"https:\/\/www.liugong-portugal.com\/?post_type=product&#038;p=199"},"modified":"2024-07-09T19:42:20","modified_gmt":"2024-07-09T19:42:20","slug":"pa-carregadorabaldebulldozer-maquinasterraplanagemtoneladascaterpillar-xcmg-doosan-sunward-sanyminiconstrucaolancaterreno-demolicaoobras-infraestruturamovimentacao-de-terras-5","status":"publish","type":"product","link":"https:\/\/www.liugong-portugal.com\/?product=pa-carregadorabaldebulldozer-maquinasterraplanagemtoneladascaterpillar-xcmg-doosan-sunward-sanyminiconstrucaolancaterreno-demolicaoobras-infraestruturamovimentacao-de-terras-5","title":{"rendered":"P\u00e1-Carregadora 877H"},"content":{"rendered":"<p><span style=\"font-weight: 400;\">Um novo e maior tanque de combust\u00edvel de 372L, com maior protec\u00e7\u00e3o e mais eficiente, permite que o modelo 877H tenha a capacidade de trabalhar por mais tempo. Mesmo em encostas \u00edngremes consegue atingir 96% de utiliza\u00e7\u00e3o de combust\u00edvel.\u00a0<\/span><\/p>\n<p><span style=\"font-weight: 400;\">Uma nova grelha, juntamente com uma ventoinha eficiente e um radiador redesenhado recentemente combinam para melhorar a ventila\u00e7\u00e3o em 15%. Independentemente das condi\u00e7\u00f5es do seu trabalho, o equipamento 877H nunca aquecer\u00e1 demasiado em situa\u00e7\u00f5es mais \u00e1rduas.<\/span><\/p>\n<p>&nbsp;<\/p>\n<p><b>&#8211; Cabine Rops\/Fops<\/b><\/p>\n<p><b>&#8211; Ar condicionado<\/b><\/p>\n<p><b>&#8211; Monitoramento a bordo<\/b><\/p>\n<p><b>&#8211; Maior conforto e seguran\u00e7a do operador<\/b><\/p>\n<p><b>&#8211; Transmiss\u00e3o Powershift ZF\u00a0<\/b><\/p>\n<p><b>&#8211; F\u00e1cil acesso de servi\u00e7o e manuten\u00e7\u00e3o<\/b><\/p>\n<p><b>&#8211; Lubrifica\u00e7\u00e3o autom\u00e1tica <\/b><\/p>\n<p>&nbsp;<\/p>\n<div class=\"fusion-button-wrapper\"><style type=\"text\/css\">.fusion-button.button-1 .fusion-button-text, .fusion-button.button-1 i {color:#ffffff;}.fusion-button.button-1 .fusion-button-icon-divider{border-color:#ffffff;}.fusion-button.button-1:hover .fusion-button-text, .fusion-button.button-1:hover i,.fusion-button.button-1:focus .fusion-button-text, .fusion-button.button-1:focus i,.fusion-button.button-1:active .fusion-button-text, .fusion-button.button-1:active{color:#ffffff;}.fusion-button.button-1:hover .fusion-button-icon-divider, .fusion-button.button-1:hover .fusion-button-icon-divider, .fusion-button.button-1:active .fusion-button-icon-divider{border-color:#ffffff;}.fusion-button.button-1:hover, .fusion-button.button-1:focus, .fusion-button.button-1:active{border-color:#ffffff;}.fusion-button.button-1 {border-color:#ffffff;border-radius:4px;}.fusion-button.button-1{background: #053071;}.fusion-button.button-1:hover,.button-1:focus,.fusion-button.button-1:active{background: #354870;}.fusion-button.button-1 .fusion-button-text {text-transform:uppercase;}<\/style><a class=\"fusion-button button-flat fusion-button-default-size button-custom button-1 fusion-button-default-span fusion-button-default-type\" target=\"_self\" href=\"https:\/\/www.liugong-portugal.com\/pdf\/LiuGong_877H_Pousamil.pdf\" style=\"margin-bottom:10px;\"><span class=\"fusion-button-text\">Cat\u00e1logo<\/span><\/a><\/div>\n<p>&nbsp;<\/p>\n<div class=\"fusion-button-wrapper\"><style type=\"text\/css\">.fusion-button.button-2 {border-radius:4px;}.fusion-button.button-2 .fusion-button-text {text-transform:uppercase;}<\/style><a class=\"fusion-button button-flat fusion-button-default-size button-default button-2 fusion-button-default-span fusion-button-default-type\" target=\"_self\" href=\"mailto:info@liugong-portugal.com\"><span class=\"fusion-button-text\">Obter or\u00e7amento<\/span><\/a><\/div>\n","protected":false},"excerpt":{"rendered":"[fusion_text columns=\"\" column_min_width=\"\" column_spacing=\"\" rule_style=\"default\" rule_size=\"\" rule_color=\"\" content_alignment_medium=\"\" content_alignment_small=\"\" content_alignment=\"left\" hide_on_mobile=\"small-visibility,medium-visibility,large-visibility\" sticky_display=\"normal,sticky\" class=\"\" id=\"\" font_size=\"\" fusion_font_family_text_font=\"\" fusion_font_variant_text_font=\"\" line_height=\"\" letter_spacing=\"\" text_color=\"\" animation_type=\"\" animation_direction=\"left\" animation_speed=\"0.3\" animation_offset=\"\"]<\/p>\n<p><strong>Equipamento resistente para um mundo exigente<\/strong><\/p>\n<p>&nbsp;<\/p>\n<p><span style=\"font-weight: 400;\">MOTOR: <\/span><b>CUMMINS QSL 9<\/b><\/p>\n<p><span style=\"font-weight: 400;\">POT\u00caNCIA NET: <\/span><b>235 KW (315 HP)<\/b><\/p>\n<p><span style=\"font-weight: 400;\">PESO OPERATIVO:<\/span> <b>24.500 KG.<\/b><\/p>\n<p><span style=\"font-weight: 400;\">CAPACIDADE DO BALDE:<\/span> <b>3.5 \u2013 7.0 M\u00b3<\/b><\/p>\n<p>[\/fusion_text]\n","protected":false},"featured_media":158,"template":"","meta":[],"yoast_head":"<!-- This site is optimized with the Yoast SEO plugin v15.4 - https:\/\/yoast.com\/wordpress\/plugins\/seo\/ -->\n<title>P\u00e1-Carregadora 877H - Liugong Portugal<\/title>\n<meta name=\"robots\" content=\"index, follow, max-snippet:-1, max-image-preview:large, max-video-preview:-1\" \/>\n<link rel=\"canonical\" href=\"https:\/\/www.liugong-portugal.com\/?product=pa-carregadorabaldebulldozer-maquinasterraplanagemtoneladascaterpillar-xcmg-doosan-sunward-sanyminiconstrucaolancaterreno-demolicaoobras-infraestruturamovimentacao-de-terras-5\" \/>\n<meta property=\"og:locale\" content=\"pt_PT\" \/>\n<meta property=\"og:type\" content=\"article\" \/>\n<meta property=\"og:title\" content=\"P\u00e1-Carregadora 877H - Liugong Portugal\" \/>\n<meta property=\"og:url\" content=\"https:\/\/www.liugong-portugal.com\/?product=pa-carregadorabaldebulldozer-maquinasterraplanagemtoneladascaterpillar-xcmg-doosan-sunward-sanyminiconstrucaolancaterreno-demolicaoobras-infraestruturamovimentacao-de-terras-5\" \/>\n<meta property=\"og:site_name\" content=\"Liugong Portugal\" \/>\n<meta property=\"article:modified_time\" content=\"2024-07-09T19:42:20+00:00\" \/>\n<meta property=\"og:image\" content=\"https:\/\/www.liugong-portugal.com\/wp-content\/uploads\/2020\/08\/mainLiuGong-877H.jpg\" \/>\n\t<meta property=\"og:image:width\" content=\"800\" \/>\n\t<meta property=\"og:image:height\" content=\"801\" \/>\n<meta name=\"twitter:card\" content=\"summary_large_image\" \/>\n<meta name=\"twitter:description\" content=\"[fusion_text columns=&quot;&quot; column_min_width=&quot;&quot; column_spacing=&quot;&quot; rule_style=&quot;default&quot; rule_size=&quot;&quot; rule_color=&quot;&quot; content_alignment_medium=&quot;&quot; content_alignment_small=&quot;&quot; content_alignment=&quot;left&quot; hide_on_mobile=&quot;small-visibility,medium-visibility,large-visibility&quot; sticky_display=&quot;normal,sticky&quot; class=&quot;&quot; id=&quot;&quot; font_size=&quot;&quot; fusion_font_family_text_font=&quot;&quot; fusion_font_variant_text_font=&quot;&quot; line_height=&quot;&quot; letter_spacing=&quot;&quot; text_color=&quot;&quot; animation_type=&quot;&quot; animation_direction=&quot;left&quot; animation_speed=&quot;0.3&quot; animation_offset=&quot;&quot;]  Equipamento resistente para um mundo exigente  &nbsp;  MOTOR: CUMMINS QSL 9  POT\u00caNCIA NET: 235 KW (315 HP)  PESO OPERATIVO: 24.500 KG.  CAPACIDADE DO BALDE: 3.5 \u2013 7.0 M\u00b3  [\/fusion_text]\" \/>\n<meta name=\"twitter:label1\" content=\"Written by\">\n\t<meta name=\"twitter:data1\" content=\"lg_pt\">\n\t<meta name=\"twitter:label2\" content=\"Est. reading time\">\n\t<meta name=\"twitter:data2\" content=\"1 minuto\">\n<script type=\"application\/ld+json\" class=\"yoast-schema-graph\">{\"@context\":\"https:\/\/schema.org\",\"@graph\":[{\"@type\":\"Organization\",\"@id\":\"https:\/\/www.liugong-portugal.com\/#organization\",\"name\":\"LiuGong Portugal\",\"url\":\"https:\/\/www.liugong-portugal.com\/\",\"sameAs\":[],\"logo\":{\"@type\":\"ImageObject\",\"@id\":\"https:\/\/www.liugong-portugal.com\/#logo\",\"inLanguage\":\"pt-PT\",\"url\":\"https:\/\/www.liugong-portugal.com\/wp-content\/uploads\/2020\/08\/LiuGong-Portugal-D.png\",\"width\":1415,\"height\":370,\"caption\":\"LiuGong Portugal\"},\"image\":{\"@id\":\"https:\/\/www.liugong-portugal.com\/#logo\"}},{\"@type\":\"WebSite\",\"@id\":\"https:\/\/www.liugong-portugal.com\/#website\",\"url\":\"https:\/\/www.liugong-portugal.com\/\",\"name\":\"Liugong Portugal\",\"description\":\"Pousamil | Maq Eleven\",\"publisher\":{\"@id\":\"https:\/\/www.liugong-portugal.com\/#organization\"},\"potentialAction\":[{\"@type\":\"SearchAction\",\"target\":\"https:\/\/www.liugong-portugal.com\/?s={search_term_string}\",\"query-input\":\"required name=search_term_string\"}],\"inLanguage\":\"pt-PT\"},{\"@type\":\"ImageObject\",\"@id\":\"https:\/\/www.liugong-portugal.com\/?product=pa-carregadorabaldebulldozer-maquinasterraplanagemtoneladascaterpillar-xcmg-doosan-sunward-sanyminiconstrucaolancaterreno-demolicaoobras-infraestruturamovimentacao-de-terras-5#primaryimage\",\"inLanguage\":\"pt-PT\",\"url\":\"https:\/\/www.liugong-portugal.com\/wp-content\/uploads\/2020\/08\/mainLiuGong-877H.jpg\",\"width\":800,\"height\":801},{\"@type\":\"WebPage\",\"@id\":\"https:\/\/www.liugong-portugal.com\/?product=pa-carregadorabaldebulldozer-maquinasterraplanagemtoneladascaterpillar-xcmg-doosan-sunward-sanyminiconstrucaolancaterreno-demolicaoobras-infraestruturamovimentacao-de-terras-5#webpage\",\"url\":\"https:\/\/www.liugong-portugal.com\/?product=pa-carregadorabaldebulldozer-maquinasterraplanagemtoneladascaterpillar-xcmg-doosan-sunward-sanyminiconstrucaolancaterreno-demolicaoobras-infraestruturamovimentacao-de-terras-5\",\"name\":\"P\\u00e1-Carregadora 877H - Liugong Portugal\",\"isPartOf\":{\"@id\":\"https:\/\/www.liugong-portugal.com\/#website\"},\"primaryImageOfPage\":{\"@id\":\"https:\/\/www.liugong-portugal.com\/?product=pa-carregadorabaldebulldozer-maquinasterraplanagemtoneladascaterpillar-xcmg-doosan-sunward-sanyminiconstrucaolancaterreno-demolicaoobras-infraestruturamovimentacao-de-terras-5#primaryimage\"},\"datePublished\":\"2020-08-13T12:13:02+00:00\",\"dateModified\":\"2024-07-09T19:42:20+00:00\",\"inLanguage\":\"pt-PT\",\"potentialAction\":[{\"@type\":\"ReadAction\",\"target\":[\"https:\/\/www.liugong-portugal.com\/?product=pa-carregadorabaldebulldozer-maquinasterraplanagemtoneladascaterpillar-xcmg-doosan-sunward-sanyminiconstrucaolancaterreno-demolicaoobras-infraestruturamovimentacao-de-terras-5\"]}]}]}<\/script>\n<!-- \/ Yoast SEO plugin. -->","_links":{"self":[{"href":"https:\/\/www.liugong-portugal.com\/index.php?rest_route=\/wp\/v2\/product\/199"}],"collection":[{"href":"https:\/\/www.liugong-portugal.com\/index.php?rest_route=\/wp\/v2\/product"}],"about":[{"href":"https:\/\/www.liugong-portugal.com\/index.php?rest_route=\/wp\/v2\/types\/product"}],"wp:featuredmedia":[{"embeddable":true,"href":"https:\/\/www.liugong-portugal.com\/index.php?rest_route=\/wp\/v2\/media\/158"}],"wp:attachment":[{"href":"https:\/\/www.liugong-portugal.com\/index.php?rest_route=%2Fwp%2Fv2%2Fmedia&parent=199"}],"curies":[{"name":"wp","href":"https:\/\/api.w.org\/{rel}","templated":true}]}}